{"id":1203,"date":"2020-01-21T20:27:15","date_gmt":"2020-01-21T19:27:15","guid":{"rendered":"http:\/\/imagecreation.be\/about\/"},"modified":"2020-04-15T11:48:48","modified_gmt":"2020-04-15T09:48:48","slug":"about","status":"publish","type":"page","link":"https:\/\/imagecreation.be\/en\/about\/","title":{"rendered":"About"},"content":{"rendered":"<p>[et_pb_section fb_built=&#8221;1&#8243; fullwidth=&#8221;on&#8221; custom_padding_last_edited=&#8221;on|phone&#8221; module_class=&#8221;banner-top&#8221; _builder_version=&#8221;3.22&#8243; background_image=&#8221;http:\/\/imagecreation.be\/wp-content\/uploads\/2018\/02\/Une-si-longue-histoire-banner.jpg&#8221; custom_padding_tablet=&#8221;&#8221; custom_padding_phone=&#8221;&#8221;][\/et_pb_section][et_pb_section fb_built=&#8221;1&#8243; module_id=&#8221;titre-page&#8221; _builder_version=&#8221;3.22&#8243; background_color=&#8221;rgba(0,0,0,0)&#8221;][et_pb_row _builder_version=&#8221;3.25&#8243; custom_padding=&#8221;0px||0px|&#8221;][et_pb_column type=&#8221;4_4&#8243; _builder_version=&#8221;3.25&#8243; custom_padding=&#8221;0px||0px|&#8221; custom_padding__hover=&#8221;|||&#8221;][et_pb_text admin_label=&#8221;\u00c0 PROPOS&#8221; _builder_version=&#8221;3.27.4&#8243; header_font=&#8221;|800||on|||||&#8221; header_text_align=&#8221;center&#8221; header_letter_spacing=&#8221;2px&#8221; custom_padding=&#8221;0px||0px|&#8221; animation_style=&#8221;fade&#8221;]<\/p>\n<h1>About<\/h1>\n<p>[\/et_pb_text][\/et_pb_column][\/et_pb_row][\/et_pb_section][et_pb_section fb_built=&#8221;1&#8243; _builder_version=&#8221;3.22&#8243; custom_padding=&#8221;67px|0px|0px|0px&#8221;][et_pb_row custom_padding_last_edited=&#8221;on|phone&#8221; _builder_version=&#8221;3.25&#8243; background_size=&#8221;initial&#8221; background_position=&#8221;top_left&#8221; background_repeat=&#8221;repeat&#8221; custom_padding=&#8221;33px|0px|30px|0px&#8221; custom_padding_tablet=&#8221;0px|0px|30px|0px&#8221; custom_padding_phone=&#8221;&#8221;][et_pb_column type=&#8221;4_4&#8243; _builder_version=&#8221;3.25&#8243; custom_padding=&#8221;|||&#8221; custom_padding__hover=&#8221;|||&#8221;][et_pb_text module_id=&#8221;a-propos&#8221; _builder_version=&#8221;3.27.4&#8243; text_orientation=&#8221;justified&#8221; max_width_last_edited=&#8221;off|desktop&#8221; custom_padding=&#8221;|10%||10%&#8221; custom_padding_tablet=&#8221;|0px||0px&#8221; custom_padding_phone=&#8221;&#8221; custom_padding_last_edited=&#8221;on|tablet&#8221;]Founded in 1987 as a subsidiary of Studio l\u2019Equipe in Brussels, a renowned service provider, the society was initially named Image Cr\u00e9ation before it became Image Cr\u00e9ation.com when it was purchased by its company director Martine Barb\u00e9 in 2000. From the word go, the society\u2019s main activity has been the production of documentary films. Its editorial policy has established itself gradually: Creative socially-aware feature films which are often internationally renowned, awarded prizes at festivals and broadcast on numerous television channels.<\/p>\n<p>Image Cr\u00e9ations boasts a catalogue of more than 80 films and directorial collaborations, including Roger Beeckmans, Claude Fran\u00e7ois, Pierre Stine, Eyal Sivan, Thierry Michel, Jean-Christophe Yu, Matthieu Frances, David Deroy, Grace Winter. Its films of note include: \u201c<em>The Specialist<\/em>\u201d, \u201c<em>Sale temps sur la plan\u00e8te<\/em>\u201d, \u201c<em>Our Hearts Are Your Tombs<\/em>\u201d, \u201c<em>Une \u00e9cole en terre d\u2019accueil<\/em>\u201d and, more recently, \u201c<em>The Marquis De Wavrin<\/em>\u201d which had a very wide release. 30 years after its creation, the society continues to pursue its activity with just as much passion and expertise!<br \/>\n[\/et_pb_text][\/et_pb_column][\/et_pb_row][\/et_pb_section][et_pb_section fb_built=&#8221;1&#8243; _builder_version=&#8221;3.22&#8243;][et_pb_row column_structure=&#8221;1_2,1_2&#8243; _builder_version=&#8221;3.25&#8243; background_size=&#8221;initial&#8221; background_position=&#8221;top_left&#8221; background_repeat=&#8221;repeat&#8221;][et_pb_column type=&#8221;1_2&#8243; _builder_version=&#8221;3.25&#8243; custom_padding=&#8221;|||&#8221; custom_padding__hover=&#8221;|||&#8221;][et_pb_image src=&#8221;http:\/\/imagecreation.be\/wp-content\/uploads\/2018\/02\/Martine-Barbe.jpg&#8221; align=&#8221;center&#8221; align_tablet=&#8221;center&#8221; align_phone=&#8221;&#8221; align_last_edited=&#8221;on|desktop&#8221; admin_label=&#8221;Photo&#8221; _builder_version=&#8221;3.23&#8243;][\/et_pb_image][et_pb_text admin_label=&#8221;Martine Barb\u00e9&#8221; module_class=&#8221;texte-profil&#8221; _builder_version=&#8221;3.27.4&#8243; text_text_color=&#8221;#888888&#8243; text_font_size=&#8221;22px&#8221; header_2_font=&#8221;|700||on|||||&#8221; header_2_font_size=&#8221;23px&#8221; text_orientation=&#8221;center&#8221; custom_padding=&#8221;45px||35px|&#8221;]<\/p>\n<h2>Martine Barb\u00e9<\/h2>\n<p>Producer<br \/>\n[\/et_pb_text][et_pb_text _builder_version=&#8221;3.27.4&#8243; text_orientation=&#8221;justified&#8221; custom_padding=&#8221;35px|||&#8221;]The daughter of painters, she is part of a family that champions culture and campaigns for human rights. A journalism and social anthropology graduate with a degree in Romanesque philology, Martine Barb\u00e9 initially worked as a teacher and was actively involved in educational movements that favoured active methods of learning. In 1987, she shifted to the world of cinematography. She works for Studio l\u2019Equipe as a production manager mainly on short films, corporate films and documentaries.<br \/>\n<span><a onclick=\"read_toggle(1870996861, '', ''); return false;\" class=\"read-link\" id=\"readlink1870996861\" style=\"readlink\" href=\"#\"><\/a><\/span>\n<div class=\"read_div\" id=\"read1870996861\" style=\"display: none;\">In 2000, she buys the company Image Cr\u00e9ation and totally commits herself to the production of documentary films. She undertakes her role with the constant concern of providing authors with the necessary framework for their creation and guiding them from the writing process of the project and onwards. Loyal to her political and cultural commitments, she creates an editorial line that highlights human rights, cultural heritage and Art. Today the catalogue boasts more than 80 titles. In her eyes, beyond its value as a \u201cFilm\u201d, a documentary is a public utility tool that opens up the viewer\u2019s horizons and allows you to reach out to others.<\/div><br \/>\n[\/et_pb_text][\/et_pb_column][et_pb_column type=&#8221;1_2&#8243; _builder_version=&#8221;3.25&#8243; custom_padding=&#8221;|||&#8221; custom_padding__hover=&#8221;|||&#8221;][et_pb_image src=&#8221;http:\/\/imagecreation.be\/wp-content\/uploads\/2018\/03\/Anne-Kennes-2.jpg&#8221; align=&#8221;center&#8221; align_tablet=&#8221;center&#8221; align_phone=&#8221;&#8221; align_last_edited=&#8221;on|desktop&#8221; disabled_on=&#8221;off|off|&#8221; admin_label=&#8221;Photo&#8221; _builder_version=&#8221;3.23&#8243;][\/et_pb_image][et_pb_text admin_label=&#8221;Anne Kennes&#8221; module_class=&#8221;texte-profil&#8221; _builder_version=&#8221;3.27.4&#8243; text_text_color=&#8221;#888888&#8243; text_font_size=&#8221;22px&#8221; header_2_font=&#8221;|700||on|||||&#8221; header_2_font_size=&#8221;23px&#8221; text_orientation=&#8221;center&#8221; custom_padding=&#8221;45px||35px|&#8221;]<\/p>\n<h2>Anne Kennes<\/h2>\n<p>Production Administrator<br \/>\n[\/et_pb_text][et_pb_text _builder_version=&#8221;4.2.2&#8243; text_orientation=&#8221;justified&#8221; custom_padding=&#8221;35px|||&#8221; hover_enabled=&#8221;0&#8243;]As IHECS journalism graduate, Anne initially worked for various film festivals before putting her communication and animation skills to use with an NGO. From 2013 to 2020, she devoted a large amount of her time to film distribution. Today she works mainly to promote cultural and cinematographic events. In parallel with her promotional work, she has invested her time on the production of different films for Image Cr\u00e9ation, since 2017.<br \/>\n[\/et_pb_text][\/et_pb_column][\/et_pb_row][\/et_pb_section][et_pb_section fb_built=&#8221;1&#8243; _builder_version=&#8221;3.22&#8243; custom_padding=&#8221;0px|0px|67px|0px&#8221;][et_pb_row _builder_version=&#8221;3.25&#8243; background_size=&#8221;initial&#8221; background_position=&#8221;top_left&#8221; background_repeat=&#8221;repeat&#8221;][et_pb_column type=&#8221;4_4&#8243; _builder_version=&#8221;3.25&#8243; custom_padding=&#8221;|||&#8221; custom_padding__hover=&#8221;|||&#8221;][et_pb_text admin_label=&#8221;Nos partenaires&#8221; _builder_version=&#8221;3.27.4&#8243; header_font=&#8221;|||on|||||&#8221; header_text_align=&#8221;center&#8221; header_3_font=&#8221;|||on|||||&#8221; header_3_text_align=&#8221;center&#8221; text_orientation=&#8221;center&#8221;]<\/p>\n<h3>Our partners<\/h3>\n<p>&nbsp;<\/p>\n<p><a href=\"http:\/\/www.audiovisuel.cfwb.be\/\" rel=\"noopener, nofollow noopener noreferrer\" target=\"_blank\">Centre du cin\u00e9ma de la Communaut\u00e9 fran\u00e7aise<\/a><br \/>\n<a href=\"http:\/\/www.wallimage.be\/intro.php?lang=fr\" rel=\"noopener, nofollow noopener noreferrer\" target=\"_blank\">Wallimages<\/a><br \/>\n<a href=\"http:\/\/screen.brussels\/fr\" rel=\"noopener, nofollow noopener noreferrer\" target=\"_blank\">Screen Brussels<\/a><br \/>\n<a href=\"http:\/\/wip.be\/\" rel=\"noopener, nofollow noopener noreferrer\" target=\"_blank\">Le WIP<\/a><br \/>\n<a href=\"http:\/\/www.doc-cba.be\/cbadoc2\/\" rel=\"noopener, nofollow noopener noreferrer\" target=\"_blank\">Le CBA<\/a><br \/>\n<a href=\"http:\/\/www.casakafka.be\" rel=\"noopener, nofollow noopener noreferrer\" target=\"_blank\">Casa Kafka<\/a><br \/>\n<a href=\"https:\/\/www.gsara.be\" rel=\"noopener, nofollow noopener noreferrer\" target=\"_blank\">Gsara<\/a><br \/>\n<a href=\"https:\/\/www.rtbf.be\" rel=\"noopener, nofollow noopener noreferrer\" target=\"_blank\">RTBF<\/a><br \/>\n<a href=\"https:\/\/www.proximus.be\" rel=\"noopener, nofollow noopener noreferrer\" target=\"_blank\">Proximus<\/a><br \/>\n<a href=\"https:\/\/www.cinergie.be\" rel=\"noopener, nofollow noopener noreferrer\" target=\"_blank\">Cinergie<\/a><br \/>\n<a href=\"http:\/\/www.cinematek.be\/\" rel=\"noopener, nofollow noopener noreferrer\" target=\"_blank\">Cinematek<\/a><br \/>\n<a href=\"https:\/\/www.loterie-nationale.be\/fr\" rel=\"noopener, nofollow noopener noreferrer\" target=\"_blank\">Loterie nationale<\/a><br \/>\n[\/et_pb_text][\/et_pb_column][\/et_pb_row][\/et_pb_section][et_pb_section fb_built=&#8221;1&#8243; disabled_on=&#8221;on|on|&#8221; module_id=&#8221;facebook-link&#8221; _builder_version=&#8221;3.22&#8243; background_color=&#8221;rgba(255,255,255,0)&#8221; custom_margin=&#8221;0px||0px|&#8221; custom_padding=&#8221;0px||0px|&#8221;][et_pb_row _builder_version=&#8221;3.25&#8243; custom_padding=&#8221;0px||0px|&#8221;][et_pb_column type=&#8221;4_4&#8243; _builder_version=&#8221;3.25&#8243; custom_padding=&#8221;0px||0px|&#8221; custom_padding__hover=&#8221;|||&#8221;][et_pb_code admin_label=&#8221;Facebook link&#8221;]<a href=\"https:\/\/www.facebook.com\/IMAGE-Creationcom-1861363867410108\/\" target=\"_blank\" rel=\"noopener noreferrer\"><img decoding=\"async\" src=\"http:\/\/imagecreation.be\/wp-content\/uploads\/2018\/02\/facebook.png\" border=\"0\" \/><\/a>[\/et_pb_code][\/et_pb_column][\/et_pb_row][\/et_pb_section]<\/p>\n<span class=\"et_bloom_bottom_trigger\"><\/span>","protected":false},"excerpt":{"rendered":"<p>About Founded in 1987 as a subsidiary of Studio l\u2019Equipe in Brussels, a renowned service provider, the society was initially named Image Cr\u00e9ation before it became Image Cr\u00e9ation.com when it was purchased by its company director Martine Barb\u00e9 in 2000. From the word go, the society\u2019s main activity has been the production of documentary films. [&hellip;]<\/p>\n","protected":false},"author":1,"featured_media":0,"parent":0,"menu_order":0,"comment_status":"closed","ping_status":"closed","template":"","meta":{"_acf_changed":false,"_et_pb_use_builder":"on","_et_pb_old_content":"","_et_gb_content_width":"","footnotes":""},"class_list":["post-1203","page","type-page","status-publish","hentry"],"acf":[],"_links":{"self":[{"href":"https:\/\/imagecreation.be\/en\/wp-json\/wp\/v2\/pages\/1203","targetHints":{"allow":["GET"]}}],"collection":[{"href":"https:\/\/imagecreation.be\/en\/wp-json\/wp\/v2\/pages"}],"about":[{"href":"https:\/\/imagecreation.be\/en\/wp-json\/wp\/v2\/types\/page"}],"author":[{"embeddable":true,"href":"https:\/\/imagecreation.be\/en\/wp-json\/wp\/v2\/users\/1"}],"replies":[{"embeddable":true,"href":"https:\/\/imagecreation.be\/en\/wp-json\/wp\/v2\/comments?post=1203"}],"version-history":[{"count":2,"href":"https:\/\/imagecreation.be\/en\/wp-json\/wp\/v2\/pages\/1203\/revisions"}],"predecessor-version":[{"id":1546,"href":"https:\/\/imagecreation.be\/en\/wp-json\/wp\/v2\/pages\/1203\/revisions\/1546"}],"wp:attachment":[{"href":"https:\/\/imagecreation.be\/en\/wp-json\/wp\/v2\/media?parent=1203"}],"curies":[{"name":"wp","href":"https:\/\/api.w.org\/{rel}","templated":true}]}}